{"id":4,"date":"2018-12-10T21:29:24","date_gmt":"2018-12-10T21:29:24","guid":{"rendered":"https:\/\/www.bloomberg.com\/latam\/carreras\/"},"modified":"2020-08-03T21:39:17","modified_gmt":"2020-08-03T21:39:17","slug":"carreras","status":"publish","type":"page","link":"https:\/\/www.bloomberg.com\/latam\/carreras\/","title":{"rendered":"Carreras"},"content":{"rendered":"","protected":false},"excerpt":{"rendered":"","protected":false},"author":1693,"featured_media":0,"parent":0,"menu_order":0,"comment_status":"closed","ping_status":"closed","template":"","meta":{"footnotes":""},"class_list":["post-4","page","type-page","status-publish","hentry"],"yoast_head":"<!-- This site is optimized with the Yoast SEO plugin v19.11 - https:\/\/yoast.com\/wordpress\/plugins\/seo\/ -->\n<title>Carreras | Servicio Bloomberg Professional<\/title>\n<meta name=\"description\" content=\"Tenemos m\u00e1s de 19,000 empleados en 165 oficinas y en 120 pa\u00edses. Nuestra estructura organizacional horizontal estimula la creatividad y promueve la innovaci\u00f3n.\" \/>\n<meta name=\"robots\" content=\"index, follow, max-snippet:-1, max-image-preview:large, max-video-preview:-1\" \/>\n<link rel=\"canonical\" href=\"https:\/\/www.bloomberg.com\/latam\/carreras\/\" \/>\n<meta property=\"og:locale\" content=\"es_ES\" \/>\n<meta property=\"og:type\" content=\"article\" \/>\n<meta property=\"og:title\" content=\"Carreras | Servicio Bloomberg Professional\" \/>\n<meta property=\"og:description\" content=\"Tenemos m\u00e1s de 19,000 empleados en 165 oficinas y en 120 pa\u00edses. Nuestra estructura organizacional horizontal estimula la creatividad y promueve la innovaci\u00f3n.\" \/>\n<meta property=\"og:url\" content=\"https:\/\/www.bloomberg.com\/latam\/carreras\/\" \/>\n<meta property=\"og:site_name\" content=\"Servicio Bloomberg Professional\" \/>\n<meta property=\"article:modified_time\" content=\"2020-08-03T21:39:17+00:00\" \/>\n<meta name=\"twitter:card\" content=\"summary_large_image\" \/>\n<script type=\"application\/ld+json\" class=\"yoast-schema-graph\">{\"@context\":\"https:\/\/schema.org\",\"@graph\":[{\"@type\":\"WebPage\",\"@id\":\"https:\/\/www.bloomberg.com\/latam\/carreras\/\",\"url\":\"https:\/\/www.bloomberg.com\/latam\/carreras\/\",\"name\":\"Carreras | Servicio Bloomberg Professional\",\"isPartOf\":{\"@id\":\"https:\/\/www.bloomberg.com\/latam\/#website\"},\"datePublished\":\"2018-12-10T21:29:24+00:00\",\"dateModified\":\"2020-08-03T21:39:17+00:00\",\"description\":\"Tenemos m\u00e1s de 19,000 empleados en 165 oficinas y en 120 pa\u00edses. Nuestra estructura organizacional horizontal estimula la creatividad y promueve la innovaci\u00f3n.\",\"breadcrumb\":{\"@id\":\"https:\/\/www.bloomberg.com\/latam\/carreras\/#breadcrumb\"},\"inLanguage\":\"es-ES\",\"potentialAction\":[{\"@type\":\"ReadAction\",\"target\":[\"https:\/\/www.bloomberg.com\/latam\/carreras\/\"]}]},{\"@type\":\"BreadcrumbList\",\"@id\":\"https:\/\/www.bloomberg.com\/latam\/carreras\/#breadcrumb\",\"itemListElement\":[{\"@type\":\"ListItem\",\"position\":\"1\",\"name\":\"Home\",\"item\":\"https:\/\/www.bloomberg.com\/latam\/\"},{\"@type\":\"ListItem\",\"position\":\"2\",\"name\":\"Carreras\"}]},{\"@type\":\"WebSite\",\"@id\":\"https:\/\/www.bloomberg.com\/latam\/#website\",\"url\":\"https:\/\/www.bloomberg.com\/latam\/\",\"name\":\"Servicio Bloomberg Professional\",\"description\":\"\",\"potentialAction\":[{\"@type\":\"SearchAction\",\"target\":{\"@type\":\"EntryPoint\",\"urlTemplate\":\"https:\/\/www.bloomberg.com\/latam\/?s={search_term_string}\"},\"query-input\":\"required name=search_term_string\"}],\"inLanguage\":\"es-ES\"}]}<\/script>\n<!-- \/ Yoast SEO plugin. -->","yoast_head_json":{"title":"Carreras | Servicio Bloomberg Professional","description":"Tenemos m\u00e1s de 19,000 empleados en 165 oficinas y en 120 pa\u00edses. Nuestra estructura organizacional horizontal estimula la creatividad y promueve la innovaci\u00f3n.","robots":{"index":"index","follow":"follow","max-snippet":"max-snippet:-1","max-image-preview":"max-image-preview:large","max-video-preview":"max-video-preview:-1"},"canonical":"https:\/\/www.bloomberg.com\/latam\/carreras\/","og_locale":"es_ES","og_type":"article","og_title":"Carreras | Servicio Bloomberg Professional","og_description":"Tenemos m\u00e1s de 19,000 empleados en 165 oficinas y en 120 pa\u00edses. Nuestra estructura organizacional horizontal estimula la creatividad y promueve la innovaci\u00f3n.","og_url":"https:\/\/www.bloomberg.com\/latam\/carreras\/","og_site_name":"Servicio Bloomberg Professional","article_modified_time":"2020-08-03T21:39:17+00:00","twitter_card":"summary_large_image","schema":{"@context":"https:\/\/schema.org","@graph":[{"@type":"WebPage","@id":"https:\/\/www.bloomberg.com\/latam\/carreras\/","url":"https:\/\/www.bloomberg.com\/latam\/carreras\/","name":"Carreras | Servicio Bloomberg Professional","isPartOf":{"@id":"https:\/\/www.bloomberg.com\/latam\/#website"},"datePublished":"2018-12-10T21:29:24+00:00","dateModified":"2020-08-03T21:39:17+00:00","description":"Tenemos m\u00e1s de 19,000 empleados en 165 oficinas y en 120 pa\u00edses. Nuestra estructura organizacional horizontal estimula la creatividad y promueve la innovaci\u00f3n.","breadcrumb":{"@id":"https:\/\/www.bloomberg.com\/latam\/carreras\/#breadcrumb"},"inLanguage":"es-ES","potentialAction":[{"@type":"ReadAction","target":["https:\/\/www.bloomberg.com\/latam\/carreras\/"]}]},{"@type":"BreadcrumbList","@id":"https:\/\/www.bloomberg.com\/latam\/carreras\/#breadcrumb","itemListElement":[{"@type":"ListItem","position":"1","name":"Home","item":"https:\/\/www.bloomberg.com\/latam\/"},{"@type":"ListItem","position":"2","name":"Carreras"}]},{"@type":"WebSite","@id":"https:\/\/www.bloomberg.com\/latam\/#website","url":"https:\/\/www.bloomberg.com\/latam\/","name":"Servicio Bloomberg Professional","description":"","potentialAction":[{"@type":"SearchAction","target":{"@type":"EntryPoint","urlTemplate":"https:\/\/www.bloomberg.com\/latam\/?s={search_term_string}"},"query-input":"required name=search_term_string"}],"inLanguage":"es-ES"}]}},"_links":{"self":[{"href":"https:\/\/www.bloomberg.com\/latam\/wp-json\/wp\/v2\/pages\/4","targetHints":{"allow":["GET"]}}],"collection":[{"href":"https:\/\/www.bloomberg.com\/latam\/wp-json\/wp\/v2\/pages"}],"about":[{"href":"https:\/\/www.bloomberg.com\/latam\/wp-json\/wp\/v2\/types\/page"}],"author":[{"embeddable":true,"href":"https:\/\/www.bloomberg.com\/latam\/wp-json\/wp\/v2\/users\/1693"}],"replies":[{"embeddable":true,"href":"https:\/\/www.bloomberg.com\/latam\/wp-json\/wp\/v2\/comments?post=4"}],"version-history":[{"count":6,"href":"https:\/\/www.bloomberg.com\/latam\/wp-json\/wp\/v2\/pages\/4\/revisions"}],"predecessor-version":[{"id":30058,"href":"https:\/\/www.bloomberg.com\/latam\/wp-json\/wp\/v2\/pages\/4\/revisions\/30058"}],"wp:attachment":[{"href":"https:\/\/www.bloomberg.com\/latam\/wp-json\/wp\/v2\/media?parent=4"}],"curies":[{"name":"wp","href":"https:\/\/api.w.org\/{rel}","templated":true}]}}