{"id":30769,"date":"2021-02-23T18:18:26","date_gmt":"2021-02-23T18:18:26","guid":{"rendered":"https:\/\/www.bloomberg.com\/latam\/go-getters\/"},"modified":"2021-06-01T22:44:42","modified_gmt":"2021-06-01T22:44:42","slug":"go-getters","status":"publish","type":"page","link":"https:\/\/www.bloomberg.com\/latam\/go-getters\/","title":{"rendered":"GO Getters"},"content":{"rendered":"<div class='bbg-row bbg-bg--white ' data-anchor-label='row-6a023643f4176' data-anchor='row-6a023643f4178'>\n  \n\t\n\t\n\t<div class=\"bbg-row--content\" >\n\t\t\n\t\t\t<div class='bbg-column'>\n\t<p>[vc_column_text]Bloomberg invit\u00f3 a los inversionistas &lt;GO&gt; GETTERS del mercado financiero de Am\u00e9rica Latina a compartir sobre sus carreras, sus historias de \u00e9xito y los desaf\u00edos que tuvieron que enfrentar, no s\u00f3lo como testigos del desarrollo de este entorno acelerado, sino que tambi\u00e9n como contribuyentes activos a su evoluci\u00f3n, creando nuevas herramientas, compartiendo mejores pr\u00e1cticas e inspirando cambios.<\/p>\n<p>A trav\u00e9s de conversaciones cautivantes, revelamos una perspectiva exclusiva de las trayectorias personales y profesionales de estos l\u00edderes financieros que dieron forma a nuestro mercado.[\/vc_column_text]<\/p>\n\n<\/div>\n\n\n\t\t\n\t<\/div>\n<\/div>\n<div class='bbg-row bbg-bg--white ' data-anchor-label='row-6a02364400f75' data-anchor='row-6a02364400f76'>\n  \n\t\n\t\n\t<div class=\"bbg-row--content\" >\n\t\t\n\t\t\t<div class='bbg-column person'>\n\t<p>[vc_separator]<\/p>\n\n<\/div>\n\n\n\t\t\n\t<\/div>\n<\/div>\n<div class='bbg-row bbg-bg--white ' data-anchor-label='row-6a02364401f72' data-anchor='row-6a02364401f73'>\n  \n\t\n\t\n\t<div class=\"bbg-row--content\" >\n\t\t\n\t\t\t<div class='bbg-column bbg-column--width-4 person'>\n\t<p>[vc_single_image image=&#8221;30585&#8243;][vc_column_text]<\/p>\n<h4>Sergio Karlezi<\/h4>\n<h5 class=\"person-role\">Treasury Division Manager<\/h5>\n<h5 class=\"person-country\">Banco de Chile, Chile<\/h5>\n<p>[\/vc_column_text][vc_column_text el_class=&#8221;person-link&#8221;]<a href=\"https:\/\/www.bloomberg.com\/latam\/blog\/sergio-karlezi\/\">Leer entrevista completa<\/a>[\/vc_column_text]<\/p>\n\n<\/div>\n<div class='bbg-column bbg-column--width-4 person'>\n\t<p>[vc_single_image image=&#8221;30586&#8243;][vc_column_text]<\/p>\n<h4>Juliana Roldan<\/h4>\n<h5 class=\"person-role\">Associate Partner<\/h5>\n<h5 class=\"person-country\">Banco BTG Pactual, Brasil<\/h5>\n<p>[\/vc_column_text][vc_column_text el_class=&#8221;person-link&#8221;]<a href=\"https:\/\/www.bloomberg.com\/latam\/blog\/juliana-roldan\/\">Leer entrevista completa<\/a>[\/vc_column_text]<\/p>\n\n<\/div>\n<div class='bbg-column bbg-column--width-4 person'>\n\t<p>[vc_single_image image=&#8221;30590&#8243;][vc_column_text]<\/p>\n<h4>Guilherme Ximenes<\/h4>\n<h5 class=\"person-role\">CTO<\/h5>\n<h5 class=\"person-country\">Banco Inter, Brasil<\/h5>\n<p>[\/vc_column_text][vc_column_text el_class=&#8221;person-link&#8221;]<a href=\"https:\/\/www.bloomberg.com\/latam\/blog\/guilherme-ximenes\/\">Leer entrevista completa<\/a>[\/vc_column_text]<\/p>\n\n<\/div>\n\n\t\t\n\t<\/div>\n<\/div>\n<div class='bbg-row bbg-bg--white ' data-anchor-label='row-6a02364403046' data-anchor='row-6a02364403047'>\n  \n\t\n\t\n\t<div class=\"bbg-row--content\" >\n\t\t\n\t\t\t<div class='bbg-column bbg-column--width-4 person'>\n\t<p>[vc_single_image image=&#8221;30587&#8243;][vc_column_text]<\/p>\n<h4>Leandro Miranda<\/h4>\n<h5 class=\"person-role\">IRO &amp; Executive Director<\/h5>\n<h5 class=\"person-country\">Banco Bradesco, Brasil<\/h5>\n<p>[\/vc_column_text][vc_column_text el_class=&#8221;person-link&#8221;]<a href=\"https:\/\/www.bloomberg.com\/latam\/blog\/leandro-miranda\/\">Leer entrevista completa<\/a>[\/vc_column_text]<\/p>\n\n<\/div>\n<div class='bbg-column bbg-column--width-4 person'>\n\t<p>[vc_single_image image=&#8221;30887&#8243;][vc_column_text]<\/p>\n<h4>Ana Paula Vescovi<\/h4>\n<h5 class=\"person-role\">Chief Economist<\/h5>\n<h5 class=\"person-country\">Santander, Brasil<\/h5>\n<p>[\/vc_column_text][vc_column_text el_class=&#8221;person-link&#8221;]<a href=\"https:\/\/www.bloomberg.com\/latam\/blog\/ana-paula-vescovi\/\">Leer entrevista completa<\/a>[\/vc_column_text]<\/p>\n\n<\/div>\n<div class='bbg-column bbg-column--width-4 person'>\n\t<p>[vc_single_image image=&#8221;30588&#8243;][vc_column_text]<\/p>\n<h4>Alvaro Vaqueiro<\/h4>\n<h5 class=\"person-role\">Head of Corp &amp; Invest Banking<\/h5>\n<h5 class=\"person-country\">BBVA, Mexico<\/h5>\n<p>[\/vc_column_text][vc_column_text el_class=&#8221;person-link&#8221;]<a href=\"https:\/\/www.bloomberg.com\/latam\/blog\/alvaro-vaqueiro\/\">Leer entrevista completa<\/a>[\/vc_column_text]<\/p>\n\n<\/div>\n\n\t\t\n\t<\/div>\n<\/div>\n<div class='bbg-row bbg-bg--white ' data-anchor-label='row-6a0236440455e' data-anchor='row-6a02364404560'>\n  \n\t\n\t\n\t<div class=\"bbg-row--content\" >\n\t\t\n\t\t\t<div class='bbg-column bbg-column--width-4 person'>\n\t<p>[vc_single_image image=&#8221;30591&#8243;][vc_column_text]<\/p>\n<h4>Laurence Font<\/h4>\n<h5 class=\"person-role\">Chief Operating Officer<\/h5>\n<h5 class=\"person-country\">BNP Paribas CIB, Mexico<\/h5>\n<p>[\/vc_column_text][vc_column_text el_class=&#8221;person-link&#8221;]<a href=\"https:\/\/www.bloomberg.com\/latam\/blog\/laurence-font\/\">Leer entrevista completa<\/a>[\/vc_column_text]<\/p>\n\n<\/div>\n<div class='bbg-column bbg-column--width-4 person'>\n\t<p>[vc_single_image image=&#8221;30589&#8243;][vc_column_text]<\/p>\n<h4>Rodrigo Velasco<\/h4>\n<h5 class=\"person-role\">Managing Director &amp; Trading CEO<\/h5>\n<h5 class=\"person-country\">Casa de Bolsa Santander, Mexico<\/h5>\n<p>[\/vc_column_text][vc_column_text el_class=&#8221;person-link&#8221;]<a href=\"https:\/\/www.bloomberg.com\/latam\/blog\/rodrigo-velasco\/\">Leer entrevista completa<\/a>[\/vc_column_text]<\/p>\n\n<\/div>\n<div class='bbg-column bbg-column--width-4 person'>\n\t<p>[vc_single_image image=&#8221;30989&#8243;][vc_column_text]<\/p>\n<h4>Sebasti\u00e1n Rey Ortega<\/h4>\n<h5 class=\"person-role\">Head Trader<\/h5>\n<h5 class=\"person-country\">GBM Grupo Burs\u00e1til, Mexico<\/h5>\n<p>[\/vc_column_text][vc_column_text el_class=&#8221;person-link&#8221;]<a href=\"https:\/\/www.bloomberg.com\/latam\/blog\/sebastian-rey-ortega\/\">Leer entrevista completa<\/a>[\/vc_column_text]<\/p>\n\n<\/div>\n\n\t\t\n\t<\/div>\n<\/div>\n<div class='bbg-row bbg-bg--white ' data-anchor-label='row-6a023644056a7' data-anchor='row-6a023644056a8'>\n  \n\t\n\t\n\t<div class=\"bbg-row--content\" >\n\t\t\n\t\t\t<div class='bbg-column bbg-column--width-4 person'>\n\t<p>[vc_single_image image=&#8221;30593&#8243;][vc_column_text]<\/p>\n<h4>Paulo Machado<\/h4>\n<h5 class=\"person-role\">Partner &amp; Executive Director<\/h5>\n<h5 class=\"person-country\">C6 Bank, Brazil<\/h5>\n<p>[\/vc_column_text][vc_column_text el_class=&#8221;person-link&#8221;]<a href=\"https:\/\/www.bloomberg.com\/latam\/blog\/paulo-machado\/\">Leer entrevista completa<\/a>[\/vc_column_text]<\/p>\n\n<\/div>\n<div class='bbg-column bbg-column--width-4 person'>\n\t<p>[vc_single_image image=&#8221;30594&#8243;][vc_column_text]<\/p>\n<h4>Javier Domenech<\/h4>\n<h5 class=\"person-role\">Treasury Director<\/h5>\n<h5 class=\"person-country\">Scotiabank, Mexico<\/h5>\n<p>[\/vc_column_text][vc_column_text el_class=&#8221;person-link&#8221;]<a href=\"https:\/\/www.bloomberg.com\/latam\/blog\/javier-domenech\/\">Leer entrevista completa<\/a>[\/vc_column_text]<\/p>\n\n<\/div>\n<div class='bbg-column bbg-column--width-4 person'>\n\t<p>[vc_single_image image=&#8221;30992&#8243;][vc_column_text]<\/p>\n<h4>Alejandro Faesi<\/h4>\n<h5 class=\"person-role\">Head of Global Mkts &amp; Inst. Sales<\/h5>\n<h5 class=\"person-country\">Banorte, Mexico<\/h5>\n<p>[\/vc_column_text][vc_column_text el_class=&#8221;person-link&#8221;]<a href=\"https:\/\/www.bloomberg.com\/latam\/blog\/alejandro-faesi\/\">Leer entrevista completa<\/a>[\/vc_column_text]<\/p>\n\n<\/div>\n\n\t\t\n\t<\/div>\n<\/div>\n<div class='bbg-row bbg-bg--white ' data-anchor-label='row-6a02364406738' data-anchor='row-6a02364406739'>\n  \n\t\n\t\n\t<div class=\"bbg-row--content\" >\n\t\t\n\t\t\t<div class='bbg-column bbg-column--width-4 person'>\n\t<p>[vc_single_image image=&#8221;30990&#8243;][vc_column_text]<\/p>\n<h4>Paul Misle<\/h4>\n<h5 class=\"person-role\">Head of Global Capital Markets<\/h5>\n<h5 class=\"person-country\">Scotiabank, Chile<\/h5>\n<p>[\/vc_column_text][vc_column_text el_class=&#8221;person-link&#8221;]<a href=\"https:\/\/www.bloomberg.com\/latam\/blog\/paul-misle\/\">Leer entrevista completa<\/a>[\/vc_column_text]<\/p>\n\n<\/div>\n<div class='bbg-column bbg-column--width-4 person'>\n\t<p>[vc_single_image image=&#8221;31428&#8243;][vc_column_text]<\/p>\n<h4>Ana Paulina Pinto<\/h4>\n<h5 class=\"person-role\">Executive Director Rates, Global Markets<\/h5>\n<h5 class=\"person-country\">BBVA, Mexico<\/h5>\n<p>[\/vc_column_text][vc_column_text el_class=&#8221;person-link&#8221;]<a href=\"https:\/\/www.bloomberg.com\/latam\/blog\/ana-paulina-pinto\/\">Leer entrevista completa<\/a>[\/vc_column_text]<\/p>\n\n<\/div>\n<div class='bbg-column bbg-column--width-4 person'>\n\t<p>[vc_single_image image=&#8221;31429&#8243;][vc_column_text]<\/p>\n<h4>Claudia Morales<\/h4>\n<h5 class=\"person-role\">VP of Portfolio Consulting, Latin America<\/h5>\n<h5 class=\"person-country\">BlackRock, Chile<\/h5>\n<p>[\/vc_column_text][vc_column_text el_class=&#8221;person-link&#8221;]<a href=\"https:\/\/www.bloomberg.com\/latam\/blog\/claudia-morales\/\">Leer entrevista completa<\/a>[\/vc_column_text]<\/p>\n\n<\/div>\n\n\t\t\n\t<\/div>\n<\/div>\n","protected":false},"excerpt":{"rendered":"[vc_column_text]Bloomberg invit\u00f3 a los inversionistas &lt;GO&gt; GETTERS del mercado financiero de Am\u00e9rica Latina a compartir sobre sus carreras, sus historias de \u00e9xito y los desaf\u00edos que tuvieron que enfrentar, no s\u00f3lo como testigos del desarrollo de este entorno acelerado, sino que tambi\u00e9n como contribuyentes activos a su evoluci\u00f3n, creando nuevas herramientas, compartiendo mejores pr\u00e1cticas e [...]","protected":false},"author":1680,"featured_media":0,"parent":0,"menu_order":0,"comment_status":"closed","ping_status":"closed","template":"","meta":{"footnotes":""},"class_list":["post-30769","page","type-page","status-publish","hentry"],"yoast_head":"<!-- This site is optimized with the Yoast SEO plugin v19.11 - https:\/\/yoast.com\/wordpress\/plugins\/seo\/ -->\n<title>GO Getters | Servicio Bloomberg Professional<\/title>\n<meta name=\"description\" content=\"El servicio Bloomberg Professional (La Terminal) es la plataforma m\u00e1s potente y flexible para los profesionales financieros\" \/>\n<meta name=\"robots\" content=\"index, follow, max-snippet:-1, max-image-preview:large, max-video-preview:-1\" \/>\n<link rel=\"canonical\" href=\"https:\/\/www.bloomberg.com\/latam\/go-getters\/\" \/>\n<meta property=\"og:locale\" content=\"es_ES\" \/>\n<meta property=\"og:type\" content=\"article\" \/>\n<meta property=\"og:title\" content=\"GO Getters | Servicio Bloomberg Professional\" \/>\n<meta property=\"og:description\" content=\"El servicio Bloomberg Professional (La Terminal) es la plataforma m\u00e1s potente y flexible para los profesionales financieros\" \/>\n<meta property=\"og:url\" content=\"https:\/\/www.bloomberg.com\/latam\/go-getters\/\" \/>\n<meta property=\"og:site_name\" content=\"Servicio Bloomberg Professional\" \/>\n<meta property=\"article:modified_time\" content=\"2021-06-01T22:44:42+00:00\" \/>\n<meta name=\"twitter:card\" content=\"summary_large_image\" \/>\n<meta name=\"twitter:label1\" content=\"Est. reading time\" \/>\n\t<meta name=\"twitter:data1\" content=\"4 minutes\" \/>\n<script type=\"application\/ld+json\" class=\"yoast-schema-graph\">{\"@context\":\"https:\/\/schema.org\",\"@graph\":[{\"@type\":\"WebPage\",\"@id\":\"https:\/\/www.bloomberg.com\/latam\/go-getters\/\",\"url\":\"https:\/\/www.bloomberg.com\/latam\/go-getters\/\",\"name\":\"GO Getters | Servicio Bloomberg Professional\",\"isPartOf\":{\"@id\":\"https:\/\/www.bloomberg.com\/latam\/#website\"},\"datePublished\":\"2021-02-23T18:18:26+00:00\",\"dateModified\":\"2021-06-01T22:44:42+00:00\",\"description\":\"El servicio Bloomberg Professional (La Terminal) es la plataforma m\u00e1s potente y flexible para los profesionales financieros\",\"breadcrumb\":{\"@id\":\"https:\/\/www.bloomberg.com\/latam\/go-getters\/#breadcrumb\"},\"inLanguage\":\"es-ES\",\"potentialAction\":[{\"@type\":\"ReadAction\",\"target\":[\"https:\/\/www.bloomberg.com\/latam\/go-getters\/\"]}]},{\"@type\":\"BreadcrumbList\",\"@id\":\"https:\/\/www.bloomberg.com\/latam\/go-getters\/#breadcrumb\",\"itemListElement\":[{\"@type\":\"ListItem\",\"position\":\"1\",\"name\":\"Home\",\"item\":\"https:\/\/www.bloomberg.com\/latam\/\"},{\"@type\":\"ListItem\",\"position\":\"2\",\"name\":\"GO Getters\"}]},{\"@type\":\"WebSite\",\"@id\":\"https:\/\/www.bloomberg.com\/latam\/#website\",\"url\":\"https:\/\/www.bloomberg.com\/latam\/\",\"name\":\"Servicio Bloomberg Professional\",\"description\":\"\",\"potentialAction\":[{\"@type\":\"SearchAction\",\"target\":{\"@type\":\"EntryPoint\",\"urlTemplate\":\"https:\/\/www.bloomberg.com\/latam\/?s={search_term_string}\"},\"query-input\":\"required name=search_term_string\"}],\"inLanguage\":\"es-ES\"}]}<\/script>\n<!-- \/ Yoast SEO plugin. -->","yoast_head_json":{"title":"GO Getters | Servicio Bloomberg Professional","description":"El servicio Bloomberg Professional (La Terminal) es la plataforma m\u00e1s potente y flexible para los profesionales financieros","robots":{"index":"index","follow":"follow","max-snippet":"max-snippet:-1","max-image-preview":"max-image-preview:large","max-video-preview":"max-video-preview:-1"},"canonical":"https:\/\/www.bloomberg.com\/latam\/go-getters\/","og_locale":"es_ES","og_type":"article","og_title":"GO Getters | Servicio Bloomberg Professional","og_description":"El servicio Bloomberg Professional (La Terminal) es la plataforma m\u00e1s potente y flexible para los profesionales financieros","og_url":"https:\/\/www.bloomberg.com\/latam\/go-getters\/","og_site_name":"Servicio Bloomberg Professional","article_modified_time":"2021-06-01T22:44:42+00:00","twitter_card":"summary_large_image","twitter_misc":{"Est. reading time":"4 minutes"},"schema":{"@context":"https:\/\/schema.org","@graph":[{"@type":"WebPage","@id":"https:\/\/www.bloomberg.com\/latam\/go-getters\/","url":"https:\/\/www.bloomberg.com\/latam\/go-getters\/","name":"GO Getters | Servicio Bloomberg Professional","isPartOf":{"@id":"https:\/\/www.bloomberg.com\/latam\/#website"},"datePublished":"2021-02-23T18:18:26+00:00","dateModified":"2021-06-01T22:44:42+00:00","description":"El servicio Bloomberg Professional (La Terminal) es la plataforma m\u00e1s potente y flexible para los profesionales financieros","breadcrumb":{"@id":"https:\/\/www.bloomberg.com\/latam\/go-getters\/#breadcrumb"},"inLanguage":"es-ES","potentialAction":[{"@type":"ReadAction","target":["https:\/\/www.bloomberg.com\/latam\/go-getters\/"]}]},{"@type":"BreadcrumbList","@id":"https:\/\/www.bloomberg.com\/latam\/go-getters\/#breadcrumb","itemListElement":[{"@type":"ListItem","position":"1","name":"Home","item":"https:\/\/www.bloomberg.com\/latam\/"},{"@type":"ListItem","position":"2","name":"GO Getters"}]},{"@type":"WebSite","@id":"https:\/\/www.bloomberg.com\/latam\/#website","url":"https:\/\/www.bloomberg.com\/latam\/","name":"Servicio Bloomberg Professional","description":"","potentialAction":[{"@type":"SearchAction","target":{"@type":"EntryPoint","urlTemplate":"https:\/\/www.bloomberg.com\/latam\/?s={search_term_string}"},"query-input":"required name=search_term_string"}],"inLanguage":"es-ES"}]}},"_links":{"self":[{"href":"https:\/\/www.bloomberg.com\/latam\/wp-json\/wp\/v2\/pages\/30769","targetHints":{"allow":["GET"]}}],"collection":[{"href":"https:\/\/www.bloomberg.com\/latam\/wp-json\/wp\/v2\/pages"}],"about":[{"href":"https:\/\/www.bloomberg.com\/latam\/wp-json\/wp\/v2\/types\/page"}],"author":[{"embeddable":true,"href":"https:\/\/www.bloomberg.com\/latam\/wp-json\/wp\/v2\/users\/1680"}],"replies":[{"embeddable":true,"href":"https:\/\/www.bloomberg.com\/latam\/wp-json\/wp\/v2\/comments?post=30769"}],"version-history":[{"count":10,"href":"https:\/\/www.bloomberg.com\/latam\/wp-json\/wp\/v2\/pages\/30769\/revisions"}],"predecessor-version":[{"id":31434,"href":"https:\/\/www.bloomberg.com\/latam\/wp-json\/wp\/v2\/pages\/30769\/revisions\/31434"}],"wp:attachment":[{"href":"https:\/\/www.bloomberg.com\/latam\/wp-json\/wp\/v2\/media?parent=30769"}],"curies":[{"name":"wp","href":"https:\/\/api.w.org\/{rel}","templated":true}]}}